{"id":648,"date":"2023-11-20T11:20:34","date_gmt":"2023-11-20T10:20:34","guid":{"rendered":"https:\/\/www.lsmart.co\/?page_id=648"},"modified":"2026-02-24T11:42:42","modified_gmt":"2026-02-24T10:42:42","slug":"politica-de-privacidad","status":"publish","type":"page","link":"https:\/\/www.lsmart.co\/es\/politica-de-privacidad\/","title":{"rendered":"Pol\u00edtica de privacidad"},"content":{"rendered":"<span class=\"span-reading-time rt-reading-time\" style=\"display: block;\"><span class=\"rt-label rt-prefix\">Temps de lecture\u00a0: <\/span> <span class=\"rt-time\"> 7<\/span> <span class=\"rt-label rt-postfix\">minutes<\/span><\/span>\t\t<div data-elementor-type=\"wp-page\" data-elementor-id=\"648\" class=\"elementor elementor-648\" data-elementor-post-type=\"page\">\n\t\t\t\t<div class=\"elementor-element elementor-element-f95b7ff e-flex e-con-boxed e-con e-parent\" data-id=\"f95b7ff\" data-element_type=\"container\">\n\t\t\t\t\t<div class=\"e-con-inner\">\n\t\t\t\t<div class=\"elementor-element elementor-element-f55b276 elementor-widget elementor-widget-heading\" data-id=\"f55b276\" data-element_type=\"widget\" data-widget_type=\"heading.default\">\n\t\t\t\t<div class=\"elementor-widget-container\">\n\t\t\t\t\t<h1 class=\"elementor-heading-title elementor-size-default\">POL\u00cdTICA DE PRIVACIDAD<\/h1>\t\t\t\t<\/div>\n\t\t\t\t<\/div>\n\t\t\t\t<div class=\"elementor-element elementor-element-70141b2b elementor-widget elementor-widget-text-editor\" data-id=\"70141b2b\" data-element_type=\"widget\" data-widget_type=\"text-editor.default\">\n\t\t\t\t<div class=\"elementor-widget-container\">\n\t\t\t\t\t\t\t\t\t<h2 data-path-to-node=\"16\"><strong>Definiciones<\/strong><\/h2>\n<p data-path-to-node=\"17,0,0\"><b data-path-to-node=\"17,0,0\" data-index-in-node=\"0\">Sitio:<\/b> <a href=\"https:\/\/lsmart.co\/\" target=\"_blank\" rel=\"noopener\">https:\/\/lsmart.co\/<\/a><br \/><b data-path-to-node=\"17,1,0\" data-index-in-node=\"0\">Responsable de Tratamiento:<\/b> L&amp;SMART ORION SL, con NIF B24837213 y domicilio en Paterna, Valencia.<br \/><b data-path-to-node=\"17,2,0\" data-index-in-node=\"0\">Datos Personales:<\/b> Cualquier informaci\u00f3n que identifique a una persona f\u00edsica (Art. 4 RGPD).<\/p>\n<h2 data-path-to-node=\"18\"><strong>1. Restricci\u00f3n de Datos<\/strong><\/h2>\n<p data-path-to-node=\"19\">En cumplimiento con el <b data-path-to-node=\"19\" data-index-in-node=\"23\">RGPD (UE) 2016\/679<\/b> y la <b data-path-to-node=\"19\" data-index-in-node=\"47\">LOPDGDD 3\/2018<\/b>, el responsable se compromete a respetar la legislaci\u00f3n vigente, informar de la finalidad del tratamiento y minimizar la recogida de datos a lo estrictamente necesario.<\/p>\n<p data-path-to-node=\"19\">Es su responsabilidad informar a las personas cuyos datos se recopilan sobre la finalidad del tratamiento de los mismos, proporcionar informaci\u00f3n completa a sus clientes potenciales y actuales a partir de sus consentimientos, y mantener un registro de los tratamientos que se ajuste a la realidad<\/p>\n<p data-path-to-node=\"19\">El responsable del tratamiento se compromete a limitar la cantidad de datos recopilados y a tomar todas las medidas razonables para garantizar la pertinencia de los datos personales en relaci\u00f3n con los fines para los que se tratan.<\/p>\n<h2 data-path-to-node=\"20\"><strong>2. Finalidad de los datos<\/strong><\/h2>\n<p>Tratamos sus datos para:<\/p>\n<ul>\n<li>Facilitar la navegaci\u00f3n y gestionar servicios\/pedidos.<\/li>\n<li>Prevenci\u00f3n de fraude y seguridad t\u00e9cnica.<\/li>\n<li>Mejora de la experiencia de usuario y an\u00e1lisis estad\u00edstico.<\/li>\n<li>Campa\u00f1as de comunicaci\u00f3n (SMS\/Email) previo consentimiento.<\/li>\n<\/ul>\n<p>\u00a0<\/p>\n<h2 data-path-to-node=\"23\"><strong>3. Derechos de acceso, rectificaci\u00f3n y oposici\u00f3n<\/strong><\/h2>\n<p data-path-to-node=\"24\">Seg\u00fan la normativa europea, usted tiene derecho a:<\/p>\n<ul>\n<li data-path-to-node=\"25,0,0\"><b data-path-to-node=\"25,0,0\" data-index-in-node=\"0\">Acceso y Rectificaci\u00f3n<\/b> (Art. 15 y 16 RGPD).<\/li>\n<li data-path-to-node=\"25,0,0\"><b data-path-to-node=\"25,1,0\" data-index-in-node=\"0\">Supresi\u00f3n o &#8220;Derecho al olvido&#8221;<\/b> (Art. 17 RGPD).<\/li>\n<li data-path-to-node=\"25,0,0\"><b data-path-to-node=\"25,2,0\" data-index-in-node=\"0\">Limitaci\u00f3n y Oposici\u00f3n<\/b> (Art. 18 y 21 RGPD).<\/li>\n<li data-path-to-node=\"25,0,0\"><b data-path-to-node=\"25,3,0\" data-index-in-node=\"0\">Portabilidad<\/b> (Art. 20 RGPD).<\/li>\n<\/ul>\n<p>\u00a0<\/p>\n<p data-path-to-node=\"26\">Para ejercer estos derechos, puede dirigirse a: <b data-path-to-node=\"26\" data-index-in-node=\"48\">L&amp;SMART ORION SL \u2013 <\/b>Edificio 3, 2-25, Carrer del Catedr\u00e0tic Agust\u00edn Escardino Benlloch, 9, 46980 Paterna, Valencia.<\/p>\n<p data-path-to-node=\"26\"><br \/><b data-path-to-node=\"26\" data-index-in-node=\"209\">Email:<\/b> contacto@lsmart.co\u00a0<\/p>\n<p data-path-to-node=\"27\">Si considera que sus derechos no han sido respetados, puede presentar una reclamaci\u00f3n ante la <b data-path-to-node=\"27\" data-index-in-node=\"94\">Agencia Espa\u00f1ola de Protecci\u00f3n de Datos (AEPD)<\/b> en <a href=\"https:\/\/www.aepd.es\" target=\"_blank\" rel=\"noopener\">www.aepd.es<\/a>.<\/p>\n<h2 data-path-to-node=\"28\"><strong>4. No divulgaci\u00f3n de datos<\/strong><\/h2>\n<p data-path-to-node=\"29\">L&amp;SMART ORION SL no transferir\u00e1 sus datos fuera de la Uni\u00f3n Europea sin informarle previamente y garantizando que el pa\u00eds de destino cumple con los niveles de seguridad del RGPD.<\/p>\n<h2 data-path-to-node=\"30\"><strong>5. Seguridad y Notificaci\u00f3n de incidentes<\/strong><\/h2>\n<p data-path-to-node=\"31\">Aplicamos medidas de seguridad est\u00e1ndar (cifrado, SSL, firewalls). En caso de brecha de seguridad, notificaremos a los afectados y a la autoridad de control (AEPD) conforme a los plazos legales.<\/p>\n<h2 data-path-to-node=\"32\"><strong>6. Cookies y Tags<\/strong><\/h2>\n<p>El sitio web https:\/\/www.lsmart.co contiene varios enlaces hipertextuales a otros sitios web, establecidos con la autorizaci\u00f3n de L&amp;Smart.<\/p>\n<p>Sin embargo, L&amp;Smart no tiene la capacidad de verificar el contenido de estos sitios externos y, por lo tanto, no se hace responsable de su contenido.<\/p>\n<p>Al aceptar el uso de cookies, salvo que decida desactivarlas, usted da su consentimiento para que el sitio web las utilice y recopile sus datos.<\/p>\n<p>Tiene la posibilidad de desactivar estas cookies en cualquier momento, de forma gratuita, utilizando las opciones de desactivaci\u00f3n que se indican a continuaci\u00f3n. Tenga en cuenta que esto puede limitar o impedir el acceso a determinadas partes de los servicios ofrecidos por el sitio web.<\/p>\n<p>L&amp;Smart puede recopilar informaci\u00f3n sobre la visita del Usuario al Sitio, como las p\u00e1ginas consultadas y las b\u00fasquedas realizadas. Estos datos tienen por objeto mejorar el contenido del Sitio y la experiencia de navegaci\u00f3n del Usuario.<\/p>\n<p>Las cookies, que facilitan la navegaci\u00f3n y la prestaci\u00f3n de servicios, pueden ser configuradas por el usuario en su navegador. El usuario puede elegir entre aceptar o rechazar las cookies, ya sea de forma sistem\u00e1tica o caso por caso, antes de que se almacenen en su dispositivo. No obstante, se advierte al usuario que el rechazo de las cookies puede limitar algunas funciones de navegaci\u00f3n.<\/p>\n<p>Si el usuario rechaza o elimina las cookies, su navegaci\u00f3n por el sitio web puede verse restringida. L&amp;Smart no puede garantizar el correcto funcionamiento del sitio web y de sus servicios en caso de que el propio usuario rechace las cookies.<\/p>\n<p>Para la gesti\u00f3n de las cookies, cada navegador tiene su propia configuraci\u00f3n, detallada en el men\u00fa de ayuda del navegador. El usuario puede expresar y modificar sus preferencias en cualquier momento.<\/p>\n<p>L&amp;Smart puede recurrir a proveedores externos para recopilar y tratar la informaci\u00f3n mencionada. Al hacer clic en los iconos de las redes sociales del Sitio, como Twitter, Facebook, LinkedIn y Google Plus, tambi\u00e9n se pueden instalar cookies en los dispositivos del Usuario, siempre que este d\u00e9 su consentimiento continuo al navegar por el Sitio. El Usuario puede revocar este consentimiento en cualquier momento.<\/p>\n<p>De forma ocasional, el sitio web https:\/\/www.lsmart.co puede utilizar etiquetas de Internet, tambi\u00e9n denominadas \u00abtags\u00bb o \u00abetiquetas de acci\u00f3n\u00bb, tales como GIF transparentes, GIF de un p\u00edxel, GIF uno a uno y GIF invisibles. Estas balizas pueden ser implementadas a trav\u00e9s de un socio especializado en an\u00e1lisis web, que podr\u00eda estar ubicado en un pa\u00eds extranjero y, por lo tanto, almacenar la informaci\u00f3n correspondiente, incluyendo, por ejemplo, la direcci\u00f3n IP del Usuario.<\/p>\n<p>Estas balizas se colocan en los anuncios en l\u00ednea que permiten a los internautas acceder al Sitio, pero tambi\u00e9n en diferentes p\u00e1ginas del mismo. Esta tecnolog\u00eda permite a L&amp;Smart evaluar las respuestas de los visitantes al Sitio, medir la eficacia de sus acciones (por ejemplo, el n\u00famero de aperturas de p\u00e1ginas y la informaci\u00f3n consultada por el Usuario), as\u00ed como el uso global del Sitio.<\/p>\n<p>El proveedor externo podr\u00eda recopilar informaci\u00f3n sobre los visitantes del Sitio y otros sitios web mediante estas balizas, generar informes sobre la actividad del Sitio en nombre de https:\/\/www.lsmart.co, pero tambi\u00e9n proporcionar otros servicios relacionados con el uso de Internet y del Sitio.<\/p>\n<p>Traducci\u00f3n realizada con la versi\u00f3n gratuita del traductor DeepL.com<\/p>\n<h2 data-path-to-node=\"34\"><strong>7. Legislaci\u00f3n y Jurisdicci\u00f3n<\/strong><\/h2>\n<p data-path-to-node=\"35\">Esta pol\u00edtica se rige por la <b data-path-to-node=\"35\" data-index-in-node=\"29\">ley espa\u00f1ola<\/b>. Cualquier litigio relacionado con el uso del Sitio se someter\u00e1 a los juzgados y tribunales del domicilio del titular (Valencia).<\/p>\n<p><!-- \/wp:paragraph --><\/p>\t\t\t\t\t\t\t\t<\/div>\n\t\t\t\t<\/div>\n\t\t\t\t<div class=\"elementor-element elementor-element-fc44f4f elementor-drop-cap-yes elementor-drop-cap-view-default elementor-widget elementor-widget-text-editor\" data-id=\"fc44f4f\" data-element_type=\"widget\" data-settings=\"{&quot;drop_cap&quot;:&quot;yes&quot;}\" data-widget_type=\"text-editor.default\">\n\t\t\t\t<div class=\"elementor-widget-container\">\n\t\t\t\t\t\t\t\t\t<p align=\"JUSTIFY\"><span style=\"color: #015373\"><span style=\"font-size: small\"><b>DEFINICIONES<\/b><\/span><\/span><\/p><p align=\"JUSTIFY\"><span style=\"font-size: small\"> <b>Sitio:<\/b> <a href=\"https:\/\/lsmart.co\/\" target=\"_blank\" rel=\"noopener\">https:\/\/lsmart.co\/es<\/a><br \/><\/span><span style=\"font-size: small\"><b>Responsable de Tratamiento:<\/b> L&amp;SMART ORION SL, con NIF B24837213 y domicilio en Paterna, Valencia.<br \/><b>Datos Personales:<\/b> Cualquier informaci\u00f3n que identifique a una persona f\u00edsica (Art. 4 RGPD). <\/span><\/p><ol><li><p align=\"JUSTIFY\"><span style=\"color: #015373\"><span style=\"font-size: small\"><b>RESTRICCI\u00d3N DE DATOS<\/b><\/span><\/span><\/p><\/li><\/ol><p align=\"JUSTIFY\"><span style=\"font-size: small\">En cumplimiento con el <b>RGPD (UE) 2016\/679<\/b> y la <b>LOPDGDD 3\/2018<\/b>, el responsable se compromete a respetar la legislaci\u00f3n vigente, informar de la finalidad del tratamiento y minimizar la recogida de datos a lo estrictamente necesario.<\/span><\/p><p align=\"JUSTIFY\"><span style=\"font-size: small\">Es su responsabilidad informar a las personas cuyos datos se recopilan sobre la finalidad del tratamiento de los mismos, proporcionar informaci\u00f3n completa a sus clientes potenciales y actuales a partir de sus consentimientos, y mantener un registro de los tratamientos que se ajuste a la realidad<\/span><\/p><p align=\"JUSTIFY\"><span style=\"font-size: small\">El responsable del tratamiento se compromete a limitar la cantidad de datos recopilados y a tomar todas las medidas razonables para garantizar la pertinencia de los datos personales en relaci\u00f3n con los fines para los que se tratan.<\/span><\/p><ol start=\"2\"><li><p align=\"JUSTIFY\"><span style=\"color: #015373\"><span style=\"font-size: small\"><b>FINALIDAD DE LOS DATOS<\/b><\/span><\/span><\/p><\/li><\/ol><p align=\"JUSTIFY\"><span style=\"font-size: small\">Tratamos sus datos para:<\/span><\/p><p align=\"JUSTIFY\"><span style=\"font-size: small\">&#8211; Facilitar la navegaci\u00f3n y gestionar servicios\/pedidos.<\/span><\/p><p align=\"JUSTIFY\"><span style=\"font-size: small\">&#8211; Prevenci\u00f3n de fraude y seguridad t\u00e9cnica.<\/span><\/p><p align=\"JUSTIFY\"><span style=\"font-size: small\">&#8211; Mejora de la experiencia de usuario y an\u00e1lisis estad\u00edstico.<\/span><\/p><p align=\"JUSTIFY\"><span style=\"font-size: small\">&#8211; Campa\u00f1as de comunicaci\u00f3n (SMS\/Email) previo consentimiento.<\/span><\/p><ol start=\"3\"><li><p align=\"JUSTIFY\"><span style=\"color: #015373\"><span style=\"font-size: small\"><b>DERECHOS DE ACCESO, RECTIFICACI\u00d3N Y OPOSICI\u00d3N<\/b><\/span><\/span><\/p><\/li><\/ol><p align=\"JUSTIFY\"><span style=\"font-size: small\">Seg\u00fan la normativa europea, usted tiene derecho a:<\/span><\/p><p align=\"JUSTIFY\"><span style=\"font-size: small\">&#8211; <b>Acceso y Rectificaci\u00f3n<\/b> (Art. 15 y 16 RGPD).<\/span><\/p><p align=\"JUSTIFY\"><span style=\"font-size: small\">&#8211; <b>Supresi\u00f3n o &#8220;Derecho al olvido&#8221;<\/b> (Art. 17 RGPD).<\/span><\/p><p align=\"JUSTIFY\"><span style=\"font-size: small\">&#8211; <b>Limitaci\u00f3n y Oposici\u00f3n<\/b> (Art. 18 y 21 RGPD).<\/span><\/p><p align=\"JUSTIFY\"><span style=\"font-size: small\">&#8211; <b>Portabilidad<\/b> (Art. 20 RGPD).<\/span><\/p><p align=\"JUSTIFY\"><span style=\"font-size: small\">Para ejercer estos derechos, puede dirigirse a: <b>L&amp;SMART ORION SL \u2013 <\/b>Edificio 3, 2-25, Carrer del Catedr\u00e0tic Agust\u00edn Escardino Benlloch, 9, 46980 Paterna, Valencia.<\/span><\/p><p align=\"JUSTIFY\"><span style=\"font-size: small\"><b>Email:<\/b> contacto@lsmart.co\u00a0<\/span><\/p><p align=\"JUSTIFY\"><span style=\"font-size: small\">Si considera que sus derechos no han sido respetados, puede presentar una reclamaci\u00f3n ante la <b>Agencia Espa\u00f1ola de Protecci\u00f3n de Datos (AEPD)<\/b> en <a href=\"https:\/\/www.aepd.es\" target=\"_blank\" rel=\"noopener\">www.aepd.es<\/a>.<\/span><\/p><ol start=\"4\"><li><p align=\"JUSTIFY\"><span style=\"color: #015373\"><span style=\"font-size: small\"><b>NO DIVULGACI\u00d3N DE DATOS<\/b><\/span><\/span><\/p><\/li><\/ol><p align=\"JUSTIFY\"><span style=\"font-size: small\">L&amp;SMART ORION SL no transferir\u00e1 sus datos fuera de la Uni\u00f3n Europea sin informarle previamente y garantizando que el pa\u00eds de destino cumple con los niveles de seguridad del RGPD.<\/span><\/p><ol start=\"5\"><li><p align=\"JUSTIFY\"><span style=\"color: #015373\"><span style=\"font-size: small\"><b>SEGURIDAD Y NOTIFICACI\u00d3N DE INCIDENTES<\/b><\/span><\/span><\/p><\/li><\/ol><p align=\"JUSTIFY\"><span style=\"font-size: small\">Aplicamos medidas de seguridad est\u00e1ndar (cifrado, SSL, firewalls). En caso de brecha de seguridad, notificaremos a los afectados y a la autoridad de control (AEPD) conforme a los plazos legales.<\/span><\/p><ol start=\"6\"><li><p align=\"JUSTIFY\"><span style=\"color: #015373\"><span style=\"font-size: small\"><b>COOKIES Y TAGS<\/b><\/span><\/span><\/p><\/li><\/ol><p align=\"JUSTIFY\"><span style=\"font-size: small\">El sitio web https:\/\/www.lsmart.co contiene varios enlaces hipertextuales a otros sitios web, establecidos con la autorizaci\u00f3n de L&amp;Smart.<\/span><\/p><p align=\"JUSTIFY\"><span style=\"font-size: small\">Sin embargo, L&amp;Smart no tiene la capacidad de verificar el contenido de estos sitios externos y, por lo tanto, no se hace responsable de su contenido.<\/span><\/p><p align=\"JUSTIFY\"><span style=\"font-size: small\">Al aceptar el uso de cookies, salvo que decida desactivarlas, usted da su consentimiento para que el sitio web las utilice y recopile sus datos.<\/span><\/p><p align=\"JUSTIFY\"><span style=\"font-size: small\">Tiene la posibilidad de desactivar estas cookies en cualquier momento, de forma gratuita, utilizando las opciones de desactivaci\u00f3n que se indican a continuaci\u00f3n. Tenga en cuenta que esto puede limitar o impedir el acceso a determinadas partes de los servicios ofrecidos por el sitio web.<\/span><\/p><p align=\"JUSTIFY\"><span style=\"font-size: small\">L&amp;Smart puede recopilar informaci\u00f3n sobre la visita del Usuario al Sitio, como las p\u00e1ginas consultadas y las b\u00fasquedas realizadas. Estos datos tienen por objeto mejorar el contenido del Sitio y la experiencia de navegaci\u00f3n del Usuario.<\/span><\/p><p align=\"JUSTIFY\"><span style=\"font-size: small\">Las cookies, que facilitan la navegaci\u00f3n y la prestaci\u00f3n de servicios, pueden ser configuradas por el usuario en su navegador. El usuario puede elegir entre aceptar o rechazar las cookies, ya sea de forma sistem\u00e1tica o caso por caso, antes de que se almacenen en su dispositivo. No obstante, se advierte al usuario que el rechazo de las cookies puede limitar algunas funciones de navegaci\u00f3n.<\/span><\/p><p align=\"JUSTIFY\"><span style=\"font-size: small\">Si el usuario rechaza o elimina las cookies, su navegaci\u00f3n por el sitio web puede verse restringida. L&amp;Smart no puede garantizar el correcto funcionamiento del sitio web y de sus servicios en caso de que el propio usuario rechace las cookies.<\/span><\/p><p align=\"JUSTIFY\"><span style=\"font-size: small\">Para la gesti\u00f3n de las cookies, cada navegador tiene su propia configuraci\u00f3n, detallada en el men\u00fa de ayuda del navegador. El usuario puede expresar y modificar sus preferencias en cualquier momento.<\/span><\/p><p align=\"JUSTIFY\"><span style=\"font-size: small\">L&amp;Smart puede recurrir a proveedores externos para recopilar y tratar la informaci\u00f3n mencionada. Al hacer clic en los iconos de las redes sociales del Sitio, como Twitter, Facebook, LinkedIn y Google Plus, tambi\u00e9n se pueden instalar cookies en los dispositivos del Usuario, siempre que este d\u00e9 su consentimiento continuo al navegar por el Sitio. El Usuario puede revocar este consentimiento en cualquier momento.<\/span><\/p><p align=\"JUSTIFY\"><span style=\"font-size: small\">De forma ocasional, el sitio web https:\/\/www.lsmart.co puede utilizar etiquetas de Internet, tambi\u00e9n denominadas \u00abtags\u00bb o \u00abetiquetas de acci\u00f3n\u00bb, tales como GIF transparentes, GIF de un p\u00edxel, GIF uno a uno y GIF invisibles. Estas balizas pueden ser implementadas a trav\u00e9s de un socio especializado en an\u00e1lisis web, que podr\u00eda estar ubicado en un pa\u00eds extranjero y, por lo tanto, almacenar la informaci\u00f3n correspondiente, incluyendo, por ejemplo, la direcci\u00f3n IP del Usuario.<\/span><\/p><p align=\"JUSTIFY\"><span style=\"font-size: small\">Estas balizas se colocan en los anuncios en l\u00ednea que permiten a los internautas acceder al Sitio, pero tambi\u00e9n en diferentes p\u00e1ginas del mismo. Esta tecnolog\u00eda permite a L&amp;Smart evaluar las respuestas de los visitantes al Sitio, medir la eficacia de sus acciones (por ejemplo, el n\u00famero de aperturas de p\u00e1ginas y la informaci\u00f3n consultada por el Usuario), as\u00ed como el uso global del Sitio.<\/span><\/p><p align=\"JUSTIFY\"><span style=\"font-size: small\">El proveedor externo podr\u00eda recopilar informaci\u00f3n sobre los visitantes del Sitio y otros sitios web mediante estas balizas, generar informes sobre la actividad del Sitio en nombre de https:\/\/www.lsmart.co, pero tambi\u00e9n proporcionar otros servicios relacionados con el uso de Internet y del Sitio.<\/span><\/p><p align=\"JUSTIFY\"><span style=\"font-size: small\">Traducci\u00f3n realizada con la versi\u00f3n gratuita del traductor DeepL.com<\/span><\/p><ol start=\"7\"><li><p align=\"JUSTIFY\"><span style=\"color: #015373\"><span style=\"font-size: small\"><b>LEGISLACI\u00d3N Y JURISDICCI\u00d3N<\/b><\/span><\/span><\/p><\/li><\/ol><p align=\"JUSTIFY\"><span style=\"font-size: small\">Esta pol\u00edtica se rige por la <b>ley espa\u00f1ola<\/b>. Cualquier litigio relacionado con el uso del Sitio se someter\u00e1 a los juzgados y tribunales del domicilio del titular (Valencia).<\/span><\/p>\t\t\t\t\t\t\t\t<\/div>\n\t\t\t\t<\/div>\n\t\t\t\t\t<\/div>\n\t\t\t\t<\/div>\n\t\t\t\t<\/div>\n\t\t","protected":false},"excerpt":{"rendered":"<p><span class=\"span-reading-time rt-reading-time\" style=\"display: block;\"><span class=\"rt-label rt-prefix\">Temps de lecture\u00a0: <\/span> <span class=\"rt-time\"> 7<\/span> <span class=\"rt-label rt-postfix\">minutes<\/span><\/span>POL\u00cdTICA DE PRIVACIDAD Definiciones Sitio: https:\/\/lsmart.co\/Responsable de Tratamiento: L&amp;SMART ORION SL, con NIF B24837213 y domicilio en Paterna, Valencia.Datos Personales: Cualquier informaci\u00f3n que identifique a una persona f\u00edsica (Art. 4 RGPD). 1. Restricci\u00f3n de Datos En cumplimiento con el RGPD (UE) 2016\/679 y la LOPDGDD 3\/2018, el responsable se compromete a respetar la legislaci\u00f3n vigente,&hellip;&nbsp;<a href=\"https:\/\/www.lsmart.co\/es\/politica-de-privacidad\/\" class=\"\" rel=\"bookmark\">Leer m\u00e1s &raquo;<span class=\"screen-reader-text\">Pol\u00edtica de privacidad<\/span><\/a><\/p>\n","protected":false},"author":1,"featured_media":0,"parent":0,"menu_order":0,"comment_status":"closed","ping_status":"closed","template":"elementor_header_footer","meta":{"neve_meta_sidebar":"","neve_meta_container":"","neve_meta_enable_content_width":"","neve_meta_content_width":0,"neve_meta_title_alignment":"","neve_meta_author_avatar":"","neve_post_elements_order":"","neve_meta_disable_header":"","neve_meta_disable_footer":"","neve_meta_disable_title":"","footnotes":""},"class_list":["post-648","page","type-page","status-publish","hentry"],"yoast_head":"<!-- This site is optimized with the Yoast SEO plugin v26.5 - https:\/\/yoast.com\/wordpress\/plugins\/seo\/ -->\n<title>Pol\u00edtica de privacidad | L&amp;Smart est\u00e1 revolucionando el rendimiento energ\u00e9tico de los edificios<\/title>\n<meta name=\"description\" content=\"Retrouvez sur cette page, les politiques de confidentialit\u00e9s de L&amp;Smart. Pour contacter notre \u00e9quipe, rendez-vous sur la page contact.\" \/>\n<meta name=\"robots\" content=\"noindex, follow\" \/>\n<meta property=\"og:locale\" content=\"es_ES\" \/>\n<meta property=\"og:type\" content=\"article\" \/>\n<meta property=\"og:title\" content=\"Pol\u00edtica de privacidad | L&amp;Smart est\u00e1 revolucionando el rendimiento energ\u00e9tico de los edificios\" \/>\n<meta property=\"og:description\" content=\"Retrouvez sur cette page, les politiques de confidentialit\u00e9s de L&amp;Smart. Pour contacter notre \u00e9quipe, rendez-vous sur la page contact.\" \/>\n<meta property=\"og:url\" content=\"https:\/\/www.lsmart.co\/es\/politica-de-privacidad\/\" \/>\n<meta property=\"og:site_name\" content=\"L&amp;Smart est\u00e1 revolucionando el rendimiento energ\u00e9tico de los edificios\" \/>\n<meta property=\"article:modified_time\" content=\"2026-02-24T10:42:42+00:00\" \/>\n<meta name=\"twitter:card\" content=\"summary_large_image\" \/>\n<meta name=\"twitter:label1\" content=\"Tiempo de lectura\" \/>\n\t<meta name=\"twitter:data1\" content=\"9 minutos\" \/>\n<!-- \/ Yoast SEO plugin. -->","yoast_head_json":{"title":"Pol\u00edtica de privacidad | L&amp;Smart est\u00e1 revolucionando el rendimiento energ\u00e9tico de los edificios","description":"Retrouvez sur cette page, les politiques de confidentialit\u00e9s de L&Smart. Pour contacter notre \u00e9quipe, rendez-vous sur la page contact.","robots":{"index":"noindex","follow":"follow"},"og_locale":"es_ES","og_type":"article","og_title":"Pol\u00edtica de privacidad | L&amp;Smart est\u00e1 revolucionando el rendimiento energ\u00e9tico de los edificios","og_description":"Retrouvez sur cette page, les politiques de confidentialit\u00e9s de L&Smart. Pour contacter notre \u00e9quipe, rendez-vous sur la page contact.","og_url":"https:\/\/www.lsmart.co\/es\/politica-de-privacidad\/","og_site_name":"L&amp;Smart est\u00e1 revolucionando el rendimiento energ\u00e9tico de los edificios","article_modified_time":"2026-02-24T10:42:42+00:00","twitter_card":"summary_large_image","twitter_misc":{"Tiempo de lectura":"9 minutos"},"schema":{"@context":"https:\/\/schema.org","@graph":[{"@type":"WebPage","@id":"https:\/\/www.lsmart.co\/es\/politica-de-privacidad\/","url":"https:\/\/www.lsmart.co\/es\/politica-de-privacidad\/","name":"Pol\u00edtica de privacidad | L&amp;Smart est\u00e1 revolucionando el rendimiento energ\u00e9tico de los edificios","isPartOf":{"@id":"https:\/\/www.lsmart.co\/es\/#website"},"datePublished":"2023-11-20T10:20:34+00:00","dateModified":"2026-02-24T10:42:42+00:00","description":"Retrouvez sur cette page, les politiques de confidentialit\u00e9s de L&Smart. Pour contacter notre \u00e9quipe, rendez-vous sur la page contact.","inLanguage":"es","potentialAction":[{"@type":"ReadAction","target":["https:\/\/www.lsmart.co\/es\/politica-de-privacidad\/"]}]},{"@type":"WebSite","@id":"https:\/\/www.lsmart.co\/es\/#website","url":"https:\/\/www.lsmart.co\/es\/","name":"BMS para control y gesti\u00f3n energ\u00e9tica de edificios | L&Smart","description":"BMS para controlar, automatizar y optimizar la energ\u00eda de tus edificios. Reduce el consumo y los costes energ\u00e9ticos con L&amp;Smart.","publisher":{"@id":"https:\/\/www.lsmart.co\/es\/#organization"},"alternateName":"L&Smart Gesti\u00f3n Energ\u00e9tica","potentialAction":[{"@type":"SearchAction","target":{"@type":"EntryPoint","urlTemplate":"https:\/\/www.lsmart.co\/es\/?s={search_term_string}"},"query-input":{"@type":"PropertyValueSpecification","valueRequired":true,"valueName":"search_term_string"}}],"inLanguage":"es"},{"@type":"Organization","@id":"https:\/\/www.lsmart.co\/es\/#organization","name":"L&Smart","url":"https:\/\/www.lsmart.co\/es\/","logo":{"@type":"ImageObject","inLanguage":"es","@id":"https:\/\/www.lsmart.co\/es\/#\/schema\/logo\/image\/","url":"https:\/\/www.lsmart.co\/es\/app\/uploads\/2023\/10\/logo_lsmart.svg","contentUrl":"https:\/\/www.lsmart.co\/es\/app\/uploads\/2023\/10\/logo_lsmart.svg","caption":"L&Smart"},"image":{"@id":"https:\/\/www.lsmart.co\/es\/#\/schema\/logo\/image\/"},"sameAs":["https:\/\/www.linkedin.com\/company\/lsmart-es\/","https:\/\/www.youtube.com\/@lsmart-es"]}]}},"_links":{"self":[{"href":"https:\/\/www.lsmart.co\/es\/wp-json\/wp\/v2\/pages\/648","targetHints":{"allow":["GET"]}}],"collection":[{"href":"https:\/\/www.lsmart.co\/es\/wp-json\/wp\/v2\/pages"}],"about":[{"href":"https:\/\/www.lsmart.co\/es\/wp-json\/wp\/v2\/types\/page"}],"author":[{"embeddable":true,"href":"https:\/\/www.lsmart.co\/es\/wp-json\/wp\/v2\/users\/1"}],"replies":[{"embeddable":true,"href":"https:\/\/www.lsmart.co\/es\/wp-json\/wp\/v2\/comments?post=648"}],"version-history":[{"count":31,"href":"https:\/\/www.lsmart.co\/es\/wp-json\/wp\/v2\/pages\/648\/revisions"}],"predecessor-version":[{"id":7424,"href":"https:\/\/www.lsmart.co\/es\/wp-json\/wp\/v2\/pages\/648\/revisions\/7424"}],"wp:attachment":[{"href":"https:\/\/www.lsmart.co\/es\/wp-json\/wp\/v2\/media?parent=648"}],"curies":[{"name":"wp","href":"https:\/\/api.w.org\/{rel}","templated":true}]}}