{"id":646,"date":"2023-11-20T11:20:09","date_gmt":"2023-11-20T10:20:09","guid":{"rendered":"https:\/\/www.lsmart.co\/?page_id=646"},"modified":"2026-02-24T11:40:10","modified_gmt":"2026-02-24T10:40:10","slug":"aviso-legal","status":"publish","type":"page","link":"https:\/\/www.lsmart.co\/es\/aviso-legal\/","title":{"rendered":"Aviso legal"},"content":{"rendered":"<span class=\"span-reading-time rt-reading-time\" style=\"display: block;\"><span class=\"rt-label rt-prefix\">Temps de lecture\u00a0: <\/span> <span class=\"rt-time\"> 2<\/span> <span class=\"rt-label rt-postfix\">minutes<\/span><\/span>\t\t<div data-elementor-type=\"wp-page\" data-elementor-id=\"646\" class=\"elementor elementor-646\" data-elementor-post-type=\"page\">\n\t\t\t\t<div class=\"elementor-element elementor-element-be8553c e-flex e-con-boxed e-con e-parent\" data-id=\"be8553c\" data-element_type=\"container\">\n\t\t\t\t\t<div class=\"e-con-inner\">\n\t\t\t\t<div class=\"elementor-element elementor-element-73ea9ff elementor-widget elementor-widget-heading\" data-id=\"73ea9ff\" data-element_type=\"widget\" data-widget_type=\"heading.default\">\n\t\t\t\t<div class=\"elementor-widget-container\">\n\t\t\t\t\t<h1 class=\"elementor-heading-title elementor-size-default\">Aviso legal<\/h1>\t\t\t\t<\/div>\n\t\t\t\t<\/div>\n\t\t\t\t<div class=\"elementor-element elementor-element-407ea1e elementor-widget elementor-widget-text-editor\" data-id=\"407ea1e\" data-element_type=\"widget\" data-widget_type=\"text-editor.default\">\n\t\t\t\t<div class=\"elementor-widget-container\">\n\t\t\t\t\t\t\t\t\t<p align=\"JUSTIFY\"><br \/><span style=\"font-size: small\">En cumplimiento con el deber de informaci\u00f3n recogido en la <b>Ley 34\/2002, de 11 de julio, de Servicios de la Sociedad de la Informaci\u00f3n y de Comercio Electr\u00f3nico (LSSI-CE)<\/b>, se facilitan a continuaci\u00f3n los datos identificativos del titular del sitio web.<\/span><\/p><ol><li><p align=\"JUSTIFY\"><span style=\"color: #015373\"><span style=\"font-size: small\"><b>DATOS DEL TITULAR<\/b><\/span><\/span><\/p><\/li><\/ol><p align=\"JUSTIFY\"><span style=\"font-size: small\"><b>Raz\u00f3n social:<\/b> L&amp;SMART ORION SL<br \/><b>NIF:<\/b> B24837213<br \/><b>Domicilio social:<\/b> Edificio 3, 2-25, Carrer del Catedr\u00e0tic Agust\u00edn Escardino Benlloch, 9, 46980 Paterna, Valencia<br \/><b>Correo electr\u00f3nico:<\/b> contacto@lsmart.co<br \/><b>Tel\u00e9fono:<\/b> 602 814 077<br \/><b>Datos registrales:<\/b> Inscrita en el Registro Mercantil de Madrid con fecha 21 de noviembre de 2025, folio electr\u00f3nico, IRUS: 1000461845152, inscripci\u00f3n 1 con hoja M-869743.<br \/><br \/><\/span><span style=\"font-size: small\">El titular es responsable del sitio web <b>lsmart.co<\/b> (en adelante, el \u201cSitio Web\u201d).<\/span><\/p><ol start=\"2\"><li><p align=\"JUSTIFY\"><span style=\"color: #015373\"><span style=\"font-size: small\"><b>OBJETO<\/b><\/span><\/span><\/p><\/li><\/ol><p align=\"JUSTIFY\"><span style=\"font-size: small\">El presente Aviso Legal regula el acceso, navegaci\u00f3n y uso del Sitio Web, as\u00ed como las responsabilidades derivadas de la utilizaci\u00f3n de sus contenidos (textos, gr\u00e1ficos, dise\u00f1os, software, fotograf\u00edas, m\u00fasica, v\u00eddeos, bases de datos, etc.).<\/span><\/p><p align=\"JUSTIFY\"><span style=\"font-size: small\">El acceso o uso del Sitio Web atribuye la condici\u00f3n de <b>usuario<\/b>, e implica la aceptaci\u00f3n plena de todas las disposiciones incluidas en este Aviso Legal.<\/span><\/p><ol start=\"3\"><li><p align=\"JUSTIFY\"><span style=\"color: #015373\"><span style=\"font-size: small\"><b>CONDICIONES DE USO<\/b><\/span><\/span><\/p><\/li><\/ol><p align=\"JUSTIFY\"><span style=\"font-size: small\">El usuario se compromete a utilizar el Sitio Web de conformidad con la ley, la moral y el orden p\u00fablico. Queda prohibido:<\/span><\/p><p align=\"JUSTIFY\"><span style=\"font-size: small\">&#8211; El uso del Sitio Web con fines il\u00edcitos, lesivos o que impidan su normal funcionamiento.<\/span><\/p><p align=\"JUSTIFY\"><span style=\"font-size: small\">&#8211; Cualquier acci\u00f3n que pueda da\u00f1ar la imagen o derechos del titular o de terceros.<\/span><\/p><p align=\"JUSTIFY\"><span style=\"font-size: small\">El titular se reserva el derecho a modificar, en cualquier momento y sin previo aviso, la configuraci\u00f3n del Sitio Web o el presente clausulado.<\/span><\/p><ol start=\"4\"><li><p align=\"JUSTIFY\"><span style=\"color: #015373\"><span style=\"font-size: small\"><b>PROPIEDAD INTELECTUAL E INDUSTRIAL<\/b><\/span><\/span><\/p><\/li><\/ol><p align=\"JUSTIFY\"><span style=\"font-size: small\">Todos los contenidos del Sitio Web son propiedad del titular o de terceros autorizados y est\u00e1n protegidos por las leyes de propiedad intelectual.<\/span><\/p><p align=\"JUSTIFY\"><span style=\"font-size: small\"><b>Nota:<\/b> Queda expresamente prohibida la reproducci\u00f3n, distribuci\u00f3n o comunicaci\u00f3n p\u00fablica, total o parcial, de los contenidos sin la autorizaci\u00f3n previa y por escrito del titular.<\/span><\/p><ol start=\"5\"><li><p align=\"JUSTIFY\"><span style=\"color: #015373\"><span style=\"font-size: small\"><b>RESPONSABILIDAD<\/b><\/span><\/span><\/p><\/li><\/ol><p align=\"JUSTIFY\"><span style=\"font-size: small\">El titular no se hace responsable de los da\u00f1os derivados de:<\/span><\/p><p align=\"JUSTIFY\"><span style=\"font-size: small\">&#8211; Interrupciones o errores en el acceso al Sitio Web.<\/span><\/p><p align=\"JUSTIFY\"><span style=\"font-size: small\">&#8211; Presencia de virus o elementos da\u00f1inos en los sistemas de los usuarios.<\/span><\/p><p align=\"JUSTIFY\"><span style=\"font-size: small\">&#8211; El uso indebido o negligente por parte del usuario.<\/span><\/p><ol start=\"6\"><li><p align=\"JUSTIFY\"><span style=\"color: #015373\"><span style=\"font-size: small\"><b>ENLACES A TERCEROS<\/b><\/span><\/span><\/p><\/li><\/ol><p align=\"JUSTIFY\"><span style=\"font-size: small\">En caso de que existan enlaces a sitios de terceros, el titular no ejercer\u00e1 control ni asumir\u00e1 responsabilidad alguna sobre sus contenidos o pol\u00edticas de privacidad.<\/span><\/p><ol start=\"7\"><li><p align=\"JUSTIFY\"><span style=\"color: #015373\"><span style=\"font-size: small\"><b>PROTECCION DE DATOS Y COOKIES<\/b><\/span><\/span><\/p><\/li><\/ol><p align=\"JUSTIFY\"><span style=\"font-size: small\"><b>Privacidad:<\/b> El tratamiento de datos personales se rige por nuestra <a href=\"https:\/\/www.lsmart.co\/es\/politica-de-privacidad\/\">Pol\u00edtica de Privacidad<\/a>.<\/span><\/p><p align=\"JUSTIFY\"><span style=\"font-size: small\"><b>Cookies:<\/b> Este sitio web utiliza cookies propias y de terceros para mejorar la experiencia de navegaci\u00f3n. Puede consultar el detalle en nuestra <a href=\"https:\/\/www.lsmart.co\/es\/politica-de-privacidad\/\">Pol\u00edtica de Privacidad<\/a>.<\/span><\/p><ol start=\"8\"><li><p align=\"JUSTIFY\"><span style=\"color: #015373\"><span style=\"font-size: small\"><b>RESOLUCION DE LITIGIOS EN LINEA<\/b><\/span><\/span><\/p><\/li><\/ol><p align=\"JUSTIFY\"><span style=\"font-size: small\">Conforme al Art. 14.1 del Reglamento (UE) 524\/2013, la Comisi\u00f3n Europea facilita una plataforma de resoluci\u00f3n de litigios en l\u00ednea disponible en: <a class=\"ng-star-inserted\" href=\"https:\/\/ec.europa.eu\/consumers\/odr\/\" target=\"_blank\" rel=\"noopener\">https:\/\/ec.europa.eu\/consumers\/odr\/<\/a><\/span><\/p><ol start=\"9\"><li><p align=\"JUSTIFY\"><span style=\"color: #015373\"><span style=\"font-size: small\"><b>LEGISLACION APLICABLE Y JURISDICCION<\/b><\/span><\/span><\/p><\/li><\/ol><p align=\"JUSTIFY\"><span style=\"font-size: small\">El presente Aviso Legal se rige por la <b>legislaci\u00f3n espa\u00f1ola<\/b>. Para la resoluci\u00f3n de cualquier conflicto, las partes se someten a los Juzgados y Tribunales del domicilio del titular, salvo que la normativa de consumidores y usuarios disponga lo contrario.<\/span><\/p>\t\t\t\t\t\t\t\t<\/div>\n\t\t\t\t<\/div>\n\t\t\t\t\t<\/div>\n\t\t\t\t<\/div>\n\t\t\t\t<\/div>\n\t\t","protected":false},"excerpt":{"rendered":"<p><span class=\"span-reading-time rt-reading-time\" style=\"display: block;\"><span class=\"rt-label rt-prefix\">Temps de lecture\u00a0: <\/span> <span class=\"rt-time\"> 2<\/span> <span class=\"rt-label rt-postfix\">minutes<\/span><\/span>Aviso legal En cumplimiento con el deber de informaci\u00f3n recogido en la Ley 34\/2002, de 11 de julio, de Servicios de la Sociedad de la Informaci\u00f3n y de Comercio Electr\u00f3nico (LSSI-CE), se facilitan a continuaci\u00f3n los datos identificativos del titular del sitio web. DATOS DEL TITULAR Raz\u00f3n social: L&amp;SMART ORION SLNIF: B24837213Domicilio social: Edificio 3,&hellip;&nbsp;<a href=\"https:\/\/www.lsmart.co\/es\/aviso-legal\/\" class=\"\" rel=\"bookmark\">Leer m\u00e1s &raquo;<span class=\"screen-reader-text\">Aviso legal<\/span><\/a><\/p>\n","protected":false},"author":1,"featured_media":0,"parent":0,"menu_order":0,"comment_status":"closed","ping_status":"closed","template":"page-templates\/template-pagebuilder-full-width.php","meta":{"neve_meta_sidebar":"","neve_meta_container":"","neve_meta_enable_content_width":"","neve_meta_content_width":0,"neve_meta_title_alignment":"","neve_meta_author_avatar":"","neve_post_elements_order":"","neve_meta_disable_header":"","neve_meta_disable_footer":"","neve_meta_disable_title":"","footnotes":""},"class_list":["post-646","page","type-page","status-publish","hentry"],"yoast_head":"<!-- This site is optimized with the Yoast SEO plugin v26.5 - https:\/\/yoast.com\/wordpress\/plugins\/seo\/ -->\n<title>Aviso legal | L&amp;Smart est\u00e1 revolucionando el rendimiento energ\u00e9tico de los edificios<\/title>\n<meta name=\"description\" content=\"En esta p\u00e1gina encontrar\u00e1 el aviso legal de L&amp;Smart. Para ponerse en contacto con nuestro equipo, visite la p\u00e1gina de contacto.\" \/>\n<meta name=\"robots\" content=\"index, follow, max-snippet:-1, max-image-preview:large, max-video-preview:-1\" \/>\n<link rel=\"canonical\" href=\"https:\/\/www.lsmart.co\/es\/aviso-legal\/\" \/>\n<meta property=\"og:locale\" content=\"es_ES\" \/>\n<meta property=\"og:type\" content=\"article\" \/>\n<meta property=\"og:title\" content=\"Aviso legal | L&amp;Smart est\u00e1 revolucionando el rendimiento energ\u00e9tico de los edificios\" \/>\n<meta property=\"og:description\" content=\"En esta p\u00e1gina encontrar\u00e1 el aviso legal de L&amp;Smart. Para ponerse en contacto con nuestro equipo, visite la p\u00e1gina de contacto.\" \/>\n<meta property=\"og:url\" content=\"https:\/\/www.lsmart.co\/es\/aviso-legal\/\" \/>\n<meta property=\"og:site_name\" content=\"L&amp;Smart est\u00e1 revolucionando el rendimiento energ\u00e9tico de los edificios\" \/>\n<meta property=\"article:modified_time\" content=\"2026-02-24T10:40:10+00:00\" \/>\n<meta name=\"twitter:card\" content=\"summary_large_image\" \/>\n<meta name=\"twitter:label1\" content=\"Tiempo de lectura\" \/>\n\t<meta name=\"twitter:data1\" content=\"3 minutos\" \/>\n<!-- \/ Yoast SEO plugin. -->","yoast_head_json":{"title":"Aviso legal | L&amp;Smart est\u00e1 revolucionando el rendimiento energ\u00e9tico de los edificios","description":"En esta p\u00e1gina encontrar\u00e1 el aviso legal de L&Smart. Para ponerse en contacto con nuestro equipo, visite la p\u00e1gina de contacto.","robots":{"index":"index","follow":"follow","max-snippet":"max-snippet:-1","max-image-preview":"max-image-preview:large","max-video-preview":"max-video-preview:-1"},"canonical":"https:\/\/www.lsmart.co\/es\/aviso-legal\/","og_locale":"es_ES","og_type":"article","og_title":"Aviso legal | L&amp;Smart est\u00e1 revolucionando el rendimiento energ\u00e9tico de los edificios","og_description":"En esta p\u00e1gina encontrar\u00e1 el aviso legal de L&Smart. Para ponerse en contacto con nuestro equipo, visite la p\u00e1gina de contacto.","og_url":"https:\/\/www.lsmart.co\/es\/aviso-legal\/","og_site_name":"L&amp;Smart est\u00e1 revolucionando el rendimiento energ\u00e9tico de los edificios","article_modified_time":"2026-02-24T10:40:10+00:00","twitter_card":"summary_large_image","twitter_misc":{"Tiempo de lectura":"3 minutos"},"schema":{"@context":"https:\/\/schema.org","@graph":[{"@type":"WebPage","@id":"https:\/\/www.lsmart.co\/es\/aviso-legal\/","url":"https:\/\/www.lsmart.co\/es\/aviso-legal\/","name":"Aviso legal | L&amp;Smart est\u00e1 revolucionando el rendimiento energ\u00e9tico de los edificios","isPartOf":{"@id":"https:\/\/www.lsmart.co\/es\/#website"},"datePublished":"2023-11-20T10:20:09+00:00","dateModified":"2026-02-24T10:40:10+00:00","description":"En esta p\u00e1gina encontrar\u00e1 el aviso legal de L&Smart. Para ponerse en contacto con nuestro equipo, visite la p\u00e1gina de contacto.","inLanguage":"es","potentialAction":[{"@type":"ReadAction","target":["https:\/\/www.lsmart.co\/es\/aviso-legal\/"]}]},{"@type":"WebSite","@id":"https:\/\/www.lsmart.co\/es\/#website","url":"https:\/\/www.lsmart.co\/es\/","name":"BMS para control y gesti\u00f3n energ\u00e9tica de edificios | L&Smart","description":"BMS para controlar, automatizar y optimizar la energ\u00eda de tus edificios. Reduce el consumo y los costes energ\u00e9ticos con L&amp;Smart.","publisher":{"@id":"https:\/\/www.lsmart.co\/es\/#organization"},"alternateName":"L&Smart Gesti\u00f3n Energ\u00e9tica","potentialAction":[{"@type":"SearchAction","target":{"@type":"EntryPoint","urlTemplate":"https:\/\/www.lsmart.co\/es\/?s={search_term_string}"},"query-input":{"@type":"PropertyValueSpecification","valueRequired":true,"valueName":"search_term_string"}}],"inLanguage":"es"},{"@type":"Organization","@id":"https:\/\/www.lsmart.co\/es\/#organization","name":"L&Smart","url":"https:\/\/www.lsmart.co\/es\/","logo":{"@type":"ImageObject","inLanguage":"es","@id":"https:\/\/www.lsmart.co\/es\/#\/schema\/logo\/image\/","url":"https:\/\/www.lsmart.co\/es\/app\/uploads\/2023\/10\/logo_lsmart.svg","contentUrl":"https:\/\/www.lsmart.co\/es\/app\/uploads\/2023\/10\/logo_lsmart.svg","caption":"L&Smart"},"image":{"@id":"https:\/\/www.lsmart.co\/es\/#\/schema\/logo\/image\/"},"sameAs":["https:\/\/www.linkedin.com\/company\/lsmart-es\/","https:\/\/www.youtube.com\/@lsmart-es"]}]}},"_links":{"self":[{"href":"https:\/\/www.lsmart.co\/es\/wp-json\/wp\/v2\/pages\/646","targetHints":{"allow":["GET"]}}],"collection":[{"href":"https:\/\/www.lsmart.co\/es\/wp-json\/wp\/v2\/pages"}],"about":[{"href":"https:\/\/www.lsmart.co\/es\/wp-json\/wp\/v2\/types\/page"}],"author":[{"embeddable":true,"href":"https:\/\/www.lsmart.co\/es\/wp-json\/wp\/v2\/users\/1"}],"replies":[{"embeddable":true,"href":"https:\/\/www.lsmart.co\/es\/wp-json\/wp\/v2\/comments?post=646"}],"version-history":[{"count":47,"href":"https:\/\/www.lsmart.co\/es\/wp-json\/wp\/v2\/pages\/646\/revisions"}],"predecessor-version":[{"id":7421,"href":"https:\/\/www.lsmart.co\/es\/wp-json\/wp\/v2\/pages\/646\/revisions\/7421"}],"wp:attachment":[{"href":"https:\/\/www.lsmart.co\/es\/wp-json\/wp\/v2\/media?parent=646"}],"curies":[{"name":"wp","href":"https:\/\/api.w.org\/{rel}","templated":true}]}}