{"id":4813,"date":"2024-04-29T13:26:50","date_gmt":"2024-04-29T11:26:50","guid":{"rendered":"https:\/\/www.lsmart.co\/?page_id=4813"},"modified":"2026-04-23T10:38:58","modified_gmt":"2026-04-23T08:38:58","slug":"nuestras-referencias","status":"publish","type":"page","link":"https:\/\/www.lsmart.co\/es\/nuestras-referencias\/","title":{"rendered":"Nuestras referencias"},"content":{"rendered":"<span class=\"span-reading-time rt-reading-time\" style=\"display: block;\"><span class=\"rt-label rt-prefix\">Temps de lecture\u00a0: <\/span> <span class=\"rt-time\"> 3<\/span> <span class=\"rt-label rt-postfix\">minutes<\/span><\/span>\t\t<div data-elementor-type=\"wp-page\" data-elementor-id=\"4813\" class=\"elementor elementor-4813\" data-elementor-post-type=\"page\">\n\t\t\t\t<div class=\"elementor-element elementor-element-a93bdb2 header-article-blog e-flex e-con-boxed e-con e-parent\" data-id=\"a93bdb2\" data-element_type=\"container\" id=\"header\" data-settings=\"{&quot;background_background&quot;:&quot;classic&quot;}\">\n\t\t\t\t\t<div class=\"e-con-inner\">\n\t\t\t\t<div class=\"elementor-element elementor-element-0bcc985 elementor-widget elementor-widget-heading\" data-id=\"0bcc985\" data-element_type=\"widget\" data-widget_type=\"heading.default\">\n\t\t\t\t<div class=\"elementor-widget-container\">\n\t\t\t\t\t<h1 class=\"elementor-heading-title elementor-size-default\">Nuestras referencias<\/h1>\t\t\t\t<\/div>\n\t\t\t\t<\/div>\n\t\t\t\t\t<\/div>\n\t\t\t\t<\/div>\n\t\t<div class=\"elementor-element elementor-element-addd1f0 e-flex e-con-boxed e-con e-parent\" data-id=\"addd1f0\" data-element_type=\"container\">\n\t\t\t\t\t<div class=\"e-con-inner\">\n\t\t\t\t<div class=\"elementor-element elementor-element-260a7c5 elementor-widget elementor-widget-heading\" data-id=\"260a7c5\" data-element_type=\"widget\" data-widget_type=\"heading.default\">\n\t\t\t\t<div class=\"elementor-widget-container\">\n\t\t\t\t\t<p class=\"elementor-heading-title elementor-size-default\">Destacados: descubre nuestros \u00faltimos art\u00edculos<\/p>\t\t\t\t<\/div>\n\t\t\t\t<\/div>\n\t\t\t\t<div class=\"elementor-element elementor-element-bccdcc4 elementor-posts--align-left listing-blog-page elementor-grid-3 elementor-grid-tablet-2 elementor-grid-mobile-1 elementor-posts--thumbnail-top elementor-card-shadow-yes elementor-posts__hover-gradient elementor-widget elementor-widget-posts\" data-id=\"bccdcc4\" data-element_type=\"widget\" data-settings=\"{&quot;cards_columns&quot;:&quot;3&quot;,&quot;cards_columns_tablet&quot;:&quot;2&quot;,&quot;cards_columns_mobile&quot;:&quot;1&quot;,&quot;cards_row_gap&quot;:{&quot;unit&quot;:&quot;px&quot;,&quot;size&quot;:35,&quot;sizes&quot;:[]},&quot;cards_row_gap_tablet&quot;:{&quot;unit&quot;:&quot;px&quot;,&quot;size&quot;:&quot;&quot;,&quot;sizes&quot;:[]},&quot;cards_row_gap_mobile&quot;:{&quot;unit&quot;:&quot;px&quot;,&quot;size&quot;:&quot;&quot;,&quot;sizes&quot;:[]}}\" data-widget_type=\"posts.cards\">\n\t\t\t\t<div class=\"elementor-widget-container\">\n\t\t\t\t\t\t\t<div class=\"elementor-posts-container elementor-posts elementor-posts--skin-cards elementor-grid\" role=\"list\">\n\t\t\t\t<article class=\"elementor-post elementor-grid-item post-7030 post type-post status-publish format-standard has-post-thumbnail hentry category-nuestras-referencias tag-comercio\" role=\"listitem\">\n\t\t\t<div class=\"elementor-post__card\">\n\t\t\t\t<a class=\"elementor-post__thumbnail__link\" href=\"https:\/\/www.lsmart.co\/es\/nuestras-referencias\/grupo-lempereur-concesionarios-bms-bacs\/\" tabindex=\"-1\" ><div class=\"elementor-post__thumbnail\"><img fetchpriority=\"high\" decoding=\"async\" width=\"2560\" height=\"1707\" src=\"https:\/\/www.lsmart.co\/es\/app\/uploads\/2026\/01\/batiments-groupe-lempereur-scaled-1.webp\" class=\"attachment-full size-full wp-image-7637\" alt=\"Edificio exterior de concesionarios del Grupo Lempereur\" srcset=\"https:\/\/www.lsmart.co\/es\/app\/uploads\/2026\/01\/batiments-groupe-lempereur-scaled-1.webp 2560w, https:\/\/www.lsmart.co\/es\/app\/uploads\/2026\/01\/batiments-groupe-lempereur-scaled-1-300x200.webp 300w, https:\/\/www.lsmart.co\/es\/app\/uploads\/2026\/01\/batiments-groupe-lempereur-scaled-1-1024x683.webp 1024w, https:\/\/www.lsmart.co\/es\/app\/uploads\/2026\/01\/batiments-groupe-lempereur-scaled-1-768x512.webp 768w, https:\/\/www.lsmart.co\/es\/app\/uploads\/2026\/01\/batiments-groupe-lempereur-scaled-1-1536x1024.webp 1536w, https:\/\/www.lsmart.co\/es\/app\/uploads\/2026\/01\/batiments-groupe-lempereur-scaled-1-2048x1366.webp 2048w, https:\/\/www.lsmart.co\/es\/app\/uploads\/2026\/01\/batiments-groupe-lempereur-scaled-1-930x620.webp 930w\" sizes=\"(max-width: 2560px) 100vw, 2560px\" \/><\/div><\/a>\n\t\t\t\t<div class=\"elementor-post__badge\">Comercio<\/div>\n\t\t\t\t<div class=\"elementor-post__text\">\n\t\t\t\t<h3 class=\"elementor-post__title\">\n\t\t\t<a href=\"https:\/\/www.lsmart.co\/es\/nuestras-referencias\/grupo-lempereur-concesionarios-bms-bacs\/\" >\n\t\t\t\tEl Grupo Lempereur acelera la transici\u00f3n energ\u00e9tica de sus concesionarios gracias a una BMS conforme a la normativa BACS desplegada en tiempo r\u00e9cord\t\t\t<\/a>\n\t\t<\/h3>\n\t\t\t\t\t<div class=\"elementor-post__read-more-wrapper\">\n\t\t\n\t\t<a class=\"elementor-post__read-more\" href=\"https:\/\/www.lsmart.co\/es\/nuestras-referencias\/grupo-lempereur-concesionarios-bms-bacs\/\" aria-label=\"M\u00e1s informaci\u00f3n sobre El Grupo Lempereur acelera la transici\u00f3n energ\u00e9tica de sus concesionarios gracias a una BMS conforme a la normativa BACS desplegada en tiempo r\u00e9cord\" tabindex=\"-1\" >\n\t\t\tLeer m\u00e1s\t\t<\/a>\n\n\t\t\t\t\t<\/div>\n\t\t\t\t<\/div>\n\t\t\t\t<div class=\"elementor-post__meta-data\">\n\t\t\t\t\t<span class=\"elementor-post-author\">\n\t\t\tMaxence Chevalier\t\t<\/span>\n\t\t\t\t<span class=\"elementor-post-date\">\n\t\t\t30 enero 2026\t\t<\/span>\n\t\t\t\t<\/div>\n\t\t\t\t\t<\/div>\n\t\t<\/article>\n\t\t\t\t<article class=\"elementor-post elementor-grid-item post-5744 post type-post status-publish format-standard has-post-thumbnail hentry category-nuestras-referencias tag-oficinas\" role=\"listitem\">\n\t\t\t<div class=\"elementor-post__card\">\n\t\t\t\t<a class=\"elementor-post__thumbnail__link\" href=\"https:\/\/www.lsmart.co\/es\/nuestras-referencias\/bms-bdl-confia-en-lsmart-para-controlar-la-energia-de-sus-oficinas\/\" tabindex=\"-1\" ><div class=\"elementor-post__thumbnail\"><img decoding=\"async\" width=\"2560\" height=\"1707\" src=\"https:\/\/www.lsmart.co\/es\/app\/uploads\/2025\/01\/cas-client-bdl-hall-scaled.webp\" class=\"attachment-full size-full wp-image-5783\" alt=\"vista del vest\u00edbulo del edificio bdl\" srcset=\"https:\/\/www.lsmart.co\/es\/app\/uploads\/2025\/01\/cas-client-bdl-hall-scaled.webp 2560w, https:\/\/www.lsmart.co\/es\/app\/uploads\/2025\/01\/cas-client-bdl-hall-300x200.webp 300w, https:\/\/www.lsmart.co\/es\/app\/uploads\/2025\/01\/cas-client-bdl-hall-1024x683.webp 1024w, https:\/\/www.lsmart.co\/es\/app\/uploads\/2025\/01\/cas-client-bdl-hall-768x512.webp 768w, https:\/\/www.lsmart.co\/es\/app\/uploads\/2025\/01\/cas-client-bdl-hall-1536x1024.webp 1536w, https:\/\/www.lsmart.co\/es\/app\/uploads\/2025\/01\/cas-client-bdl-hall-2048x1365.webp 2048w, https:\/\/www.lsmart.co\/es\/app\/uploads\/2025\/01\/cas-client-bdl-hall-930x620.webp 930w\" sizes=\"(max-width: 2560px) 100vw, 2560px\" \/><\/div><\/a>\n\t\t\t\t<div class=\"elementor-post__badge\">Oficinas<\/div>\n\t\t\t\t<div class=\"elementor-post__text\">\n\t\t\t\t<h3 class=\"elementor-post__title\">\n\t\t\t<a href=\"https:\/\/www.lsmart.co\/es\/nuestras-referencias\/bms-bdl-confia-en-lsmart-para-controlar-la-energia-de-sus-oficinas\/\" >\n\t\t\t\tBMS: BDL conf\u00eda en L&amp;Smart para gestionar el consumo energ\u00e9tico de sus oficinas\t\t\t<\/a>\n\t\t<\/h3>\n\t\t\t\t\t<div class=\"elementor-post__read-more-wrapper\">\n\t\t\n\t\t<a class=\"elementor-post__read-more\" href=\"https:\/\/www.lsmart.co\/es\/nuestras-referencias\/bms-bdl-confia-en-lsmart-para-controlar-la-energia-de-sus-oficinas\/\" aria-label=\"M\u00e1s informaci\u00f3n sobre BMS: BDL conf\u00eda en L&amp;Smart para gestionar el consumo energ\u00e9tico de sus oficinas\" tabindex=\"-1\" >\n\t\t\tLeer m\u00e1s\t\t<\/a>\n\n\t\t\t\t\t<\/div>\n\t\t\t\t<\/div>\n\t\t\t\t<div class=\"elementor-post__meta-data\">\n\t\t\t\t\t<span class=\"elementor-post-author\">\n\t\t\tSarah.S\t\t<\/span>\n\t\t\t\t<span class=\"elementor-post-date\">\n\t\t\t20 enero 2025\t\t<\/span>\n\t\t\t\t<\/div>\n\t\t\t\t\t<\/div>\n\t\t<\/article>\n\t\t\t\t<article class=\"elementor-post elementor-grid-item post-5254 post type-post status-publish format-standard has-post-thumbnail hentry category-nuestras-referencias tag-logistica\" role=\"listitem\">\n\t\t\t<div class=\"elementor-post__card\">\n\t\t\t\t<a class=\"elementor-post__thumbnail__link\" href=\"https:\/\/www.lsmart.co\/es\/nuestras-referencias\/qualiservice-consumo-energia-solucion-bms-lsmart\/\" tabindex=\"-1\" ><div class=\"elementor-post__thumbnail\"><img decoding=\"async\" width=\"2560\" height=\"1440\" src=\"https:\/\/www.lsmart.co\/es\/app\/uploads\/2024\/05\/batiment-drone-qualiservice-entrepot-scaled.webp\" class=\"attachment-full size-full wp-image-5284\" alt=\"edificio qualiservice vista desde un dron\" srcset=\"https:\/\/www.lsmart.co\/es\/app\/uploads\/2024\/05\/batiment-drone-qualiservice-entrepot-scaled.webp 2560w, https:\/\/www.lsmart.co\/es\/app\/uploads\/2024\/05\/batiment-drone-qualiservice-entrepot-300x169.webp 300w, https:\/\/www.lsmart.co\/es\/app\/uploads\/2024\/05\/batiment-drone-qualiservice-entrepot-1024x576.webp 1024w, https:\/\/www.lsmart.co\/es\/app\/uploads\/2024\/05\/batiment-drone-qualiservice-entrepot-768x432.webp 768w, https:\/\/www.lsmart.co\/es\/app\/uploads\/2024\/05\/batiment-drone-qualiservice-entrepot-1536x864.webp 1536w, https:\/\/www.lsmart.co\/es\/app\/uploads\/2024\/05\/batiment-drone-qualiservice-entrepot-2048x1152.webp 2048w\" sizes=\"(max-width: 2560px) 100vw, 2560px\" \/><\/div><\/a>\n\t\t\t\t<div class=\"elementor-post__badge\">Log\u00edstica<\/div>\n\t\t\t\t<div class=\"elementor-post__text\">\n\t\t\t\t<h3 class=\"elementor-post__title\">\n\t\t\t<a href=\"https:\/\/www.lsmart.co\/es\/nuestras-referencias\/qualiservice-consumo-energia-solucion-bms-lsmart\/\" >\n\t\t\t\tQualiservice optimiza su consumo energ\u00e9tico gracias a la soluci\u00f3n BMS L&amp;Smart\t\t\t<\/a>\n\t\t<\/h3>\n\t\t\t\t\t<div class=\"elementor-post__read-more-wrapper\">\n\t\t\n\t\t<a class=\"elementor-post__read-more\" href=\"https:\/\/www.lsmart.co\/es\/nuestras-referencias\/qualiservice-consumo-energia-solucion-bms-lsmart\/\" aria-label=\"M\u00e1s informaci\u00f3n sobre Qualiservice optimiza su consumo energ\u00e9tico gracias a la soluci\u00f3n BMS L&amp;Smart\" tabindex=\"-1\" >\n\t\t\tLeer m\u00e1s\t\t<\/a>\n\n\t\t\t\t\t<\/div>\n\t\t\t\t<\/div>\n\t\t\t\t<div class=\"elementor-post__meta-data\">\n\t\t\t\t\t<span class=\"elementor-post-author\">\n\t\t\tMaxence Chevalier\t\t<\/span>\n\t\t\t\t<span class=\"elementor-post-date\">\n\t\t\t31 mayo 2024\t\t<\/span>\n\t\t\t\t<\/div>\n\t\t\t\t\t<\/div>\n\t\t<\/article>\n\t\t\t\t<\/div>\n\t\t\n\t\t\t\t\t\t<\/div>\n\t\t\t\t<\/div>\n\t\t\t\t<div class=\"elementor-element elementor-element-ecc3d6d elementor-widget elementor-widget-heading\" data-id=\"ecc3d6d\" data-element_type=\"widget\" data-widget_type=\"heading.default\">\n\t\t\t\t<div class=\"elementor-widget-container\">\n\t\t\t\t\t<p class=\"elementor-heading-title elementor-size-default\">Nuestras referencias<\/p>\t\t\t\t<\/div>\n\t\t\t\t<\/div>\n\t\t\t\t<div class=\"elementor-element elementor-element-494812c elementor-widget elementor-widget-html\" data-id=\"494812c\" data-element_type=\"widget\" data-widget_type=\"html.default\">\n\t\t\t\t<div class=\"elementor-widget-container\">\n\t\t\t\t\t<div class=\"navbar-blog references\">\n    <input type=\"radio\" id=\"todo\" name=\"categorie\" class=\"nav-checkbox\">\n    <label for=\"todo\" class=\"nav-link\">TODO<\/label>\n\n    <input type=\"radio\" id=\"oficinas\" name=\"categorie\" class=\"nav-checkbox\">\n    <label for=\"oficinas\" class=\"nav-link\">OFICINAS<\/label>\n\n    <input type=\"radio\" id=\"logistica\" name=\"categorie\" class=\"nav-checkbox\">\n    <label for=\"logistica\" class=\"nav-link\">log\u00edstica<\/label>\n\n    <input type=\"radio\" id=\"edificios-publicos\" name=\"categorie\" class=\"nav-checkbox\">\n    <label for=\"edificios-publicos\" class=\"nav-link\">EDIFICIOS P\u00daBLICOS<\/label>\n\n    <input type=\"radio\" id=\"comercio\" name=\"categorie\" class=\"nav-checkbox\">\n    <label for=\"comercio\" class=\"nav-link\">COMERCIO<\/label>\n\n    <input type=\"radio\" id=\"industria\" name=\"categorie\" class=\"nav-checkbox\">\n    <label for=\"industria\" class=\"nav-link\">INDUSTRIA<\/label>\n\n    <input type=\"radio\" id=\"salud\" name=\"categorie\" class=\"nav-checkbox\">\n    <label for=\"salud\" class=\"nav-link\">SAlud<\/label>\n<\/div>\t\t\t\t<\/div>\n\t\t\t\t<\/div>\n\t\t\t\t<div class=\"elementor-element elementor-element-fbd2d9e elementor-widget elementor-widget-shortcode\" data-id=\"fbd2d9e\" data-element_type=\"widget\" data-widget_type=\"shortcode.default\">\n\t\t\t\t<div class=\"elementor-widget-container\">\n\t\t\t\t\t\t\t<div class=\"elementor-shortcode\">\r\n<script>var ccpn_rest_url_search_posts = \"\/es\/wp-json\/wp-cc-postsnav\/v1\/search\/\"<\/script>\r\n\r\n<div id='ccpn-search-form-892120383' class=\"ccpn-search-form \"  > \r\n        <form data-id='892120383'  data-ras=\"\" >\r\n            <input type=\"text\" name=\"keywords\" placeholder=\"Recherche par mots-cl\u00e9s\" value=\"\">\r\n            <select  name='cat' id='cat' class='postform'>\n\t<option value='-1'>\u2014 Choisir une cat\u00e9gorie \u2014<\/option>\n\t<option class=\"level-0\" value=\"1\">Actualit\u00e9<\/option>\n\t<option class=\"level-0\" value=\"18\">Blog<\/option>\n\t<option class=\"level-0\" value=\"19\" selected=\"selected\">Nuestras referencias<\/option>\n<\/select>\n            <select name='tag' id='tag' class='postform'>\n\t<option value=''>\u2014 Choisir une \u00e9tiquette \u2014<\/option>\n\t<option value='29'>Actus<\/option>\n\t<option value='31'>Autre<\/option>\n\t<option value='22'>B\u00e2timents publics<\/option>\n\t<option value='20'>Bureaux<\/option>\n\t<option value='141'>Comercio<\/option>\n\t<option value='23'>Commerce<\/option>\n\t<option value='27'>D\u00e9cret BACS<\/option>\n\t<option value='26'>D\u00e9cret tertiaire<\/option>\n\t<option value='28'>GTB<\/option>\n\t<option value='24'>Industrie<\/option>\n\t<option value='142'>Log\u00edstica<\/option>\n\t<option value='21'>Logistique<\/option>\n\t<option value='140'>Oficinas<\/option>\n\t<option value='30'>Presse<\/option>\n\t<option value='25'>Sant\u00e9<\/option>\n<\/select>\n    \r\n            <input type=\"hidden\" name=\"total_limit\" value=\"-1\" \/>\r\n            <input type=\"hidden\" name=\"posts_per_page\" value=\"15\" \/>\r\n            <input type=\"hidden\" name=\"page\" value=\"1\" \/>\r\n            <input type=\"hidden\" name=\"custom_template\" value=\"\" \/>\r\n            <button data-id='892120383' type=\"submit\" class='submit'>Rechercher&nbsp;><\/button>\r\n        <\/form>\r\n    <\/div>\r\n\r\n \r\n    <div id='ccpn-search-results-892120383' class=\"ccpn-search-results grid-block\">\r\n        <div class=\"posts-container\"><\/div>\r\n    <\/div> \r\n    <div id='ccpn-search-pagination-892120383' class=\"ccpn-search-pagination\" data-id='892120383' ><span class=\"pagination-first\">&ll;<\/span> <span class=\"pagination-previous\">&lt;<\/span> P\u00e1gina <span class='current_page'>1<\/span> \/ <span class='total_pages'>1<\/span> <span class=\"pagination-next\">&gt;<\/span> <span class=\"pagination-last\">&gg;<\/span> <div class=\"found_posts\"><span class='nr'>0<\/span> resultados<\/div><\/div>\r\n\r\n<\/div>\n\t\t\t\t\t\t<\/div>\n\t\t\t\t<\/div>\n\t\t\t\t\t<\/div>\n\t\t\t\t<\/div>\n\t\t\t\t<\/div>\n\t\t","protected":false},"excerpt":{"rendered":"<p><span class=\"span-reading-time rt-reading-time\" style=\"display: block;\"><span class=\"rt-label rt-prefix\">Temps de lecture\u00a0: <\/span> <span class=\"rt-time\"> 3<\/span> <span class=\"rt-label rt-postfix\">minutes<\/span><\/span>Nuestras referencias Destacados: descubre nuestros \u00faltimos art\u00edculos Nuestras referencias TODO OFICINAS log\u00edstica EDIFICIOS P\u00daBLICOS COMERCIO INDUSTRIA SAlud<\/p>\n","protected":false},"author":1,"featured_media":0,"parent":0,"menu_order":0,"comment_status":"closed","ping_status":"closed","template":"elementor_header_footer","meta":{"neve_meta_sidebar":"","neve_meta_container":"","neve_meta_enable_content_width":"","neve_meta_content_width":0,"neve_meta_title_alignment":"","neve_meta_author_avatar":"","neve_post_elements_order":"","neve_meta_disable_header":"","neve_meta_disable_footer":"","neve_meta_disable_title":"","footnotes":""},"class_list":["post-4813","page","type-page","status-publish","hentry"],"yoast_head":"<!-- This site is optimized with the Yoast SEO plugin v26.5 - https:\/\/yoast.com\/wordpress\/plugins\/seo\/ -->\n<title>Nuestras referencias | L&amp;Smart est\u00e1 revolucionando el rendimiento energ\u00e9tico de los edificios<\/title>\n<meta name=\"robots\" content=\"index, follow, max-snippet:-1, max-image-preview:large, max-video-preview:-1\" \/>\n<link rel=\"canonical\" href=\"https:\/\/www.lsmart.co\/es\/nuestras-referencias\/\" \/>\n<meta property=\"og:locale\" content=\"es_ES\" \/>\n<meta property=\"og:type\" content=\"article\" \/>\n<meta property=\"og:title\" content=\"Nuestras referencias | L&amp;Smart est\u00e1 revolucionando el rendimiento energ\u00e9tico de los edificios\" \/>\n<meta property=\"og:description\" content=\"Temps de lecture\u00a0:  3 minutesNuestras referencias Destacados: descubre nuestros \u00faltimos art\u00edculos Nuestras referencias TODO OFICINAS log\u00edstica EDIFICIOS P\u00daBLICOS COMERCIO INDUSTRIA SAlud\" \/>\n<meta property=\"og:url\" content=\"https:\/\/www.lsmart.co\/es\/nuestras-referencias\/\" \/>\n<meta property=\"og:site_name\" content=\"L&amp;Smart est\u00e1 revolucionando el rendimiento energ\u00e9tico de los edificios\" \/>\n<meta property=\"article:modified_time\" content=\"2026-04-23T08:38:58+00:00\" \/>\n<meta name=\"twitter:card\" content=\"summary_large_image\" \/>\n<meta name=\"twitter:label1\" content=\"Tiempo de lectura\" \/>\n\t<meta name=\"twitter:data1\" content=\"1 minuto\" \/>\n<!-- \/ Yoast SEO plugin. -->","yoast_head_json":{"title":"Nuestras referencias | L&amp;Smart est\u00e1 revolucionando el rendimiento energ\u00e9tico de los edificios","robots":{"index":"index","follow":"follow","max-snippet":"max-snippet:-1","max-image-preview":"max-image-preview:large","max-video-preview":"max-video-preview:-1"},"canonical":"https:\/\/www.lsmart.co\/es\/nuestras-referencias\/","og_locale":"es_ES","og_type":"article","og_title":"Nuestras referencias | L&amp;Smart est\u00e1 revolucionando el rendimiento energ\u00e9tico de los edificios","og_description":"Temps de lecture\u00a0:  3 minutesNuestras referencias Destacados: descubre nuestros \u00faltimos art\u00edculos Nuestras referencias TODO OFICINAS log\u00edstica EDIFICIOS P\u00daBLICOS COMERCIO INDUSTRIA SAlud","og_url":"https:\/\/www.lsmart.co\/es\/nuestras-referencias\/","og_site_name":"L&amp;Smart est\u00e1 revolucionando el rendimiento energ\u00e9tico de los edificios","article_modified_time":"2026-04-23T08:38:58+00:00","twitter_card":"summary_large_image","twitter_misc":{"Tiempo de lectura":"1 minuto"},"schema":{"@context":"https:\/\/schema.org","@graph":[{"@type":"WebPage","@id":"https:\/\/www.lsmart.co\/es\/nuestras-referencias\/","url":"https:\/\/www.lsmart.co\/es\/nuestras-referencias\/","name":"Nuestras referencias | L&amp;Smart est\u00e1 revolucionando el rendimiento energ\u00e9tico de los edificios","isPartOf":{"@id":"https:\/\/www.lsmart.co\/es\/#website"},"datePublished":"2024-04-29T11:26:50+00:00","dateModified":"2026-04-23T08:38:58+00:00","inLanguage":"es","potentialAction":[{"@type":"ReadAction","target":["https:\/\/www.lsmart.co\/es\/nuestras-referencias\/"]}]},{"@type":"WebSite","@id":"https:\/\/www.lsmart.co\/es\/#website","url":"https:\/\/www.lsmart.co\/es\/","name":"BMS para control y gesti\u00f3n energ\u00e9tica de edificios | L&Smart","description":"BMS para controlar, automatizar y optimizar la energ\u00eda de tus edificios. Reduce el consumo y los costes energ\u00e9ticos con L&amp;Smart.","publisher":{"@id":"https:\/\/www.lsmart.co\/es\/#organization"},"alternateName":"L&Smart Gesti\u00f3n Energ\u00e9tica","potentialAction":[{"@type":"SearchAction","target":{"@type":"EntryPoint","urlTemplate":"https:\/\/www.lsmart.co\/es\/?s={search_term_string}"},"query-input":{"@type":"PropertyValueSpecification","valueRequired":true,"valueName":"search_term_string"}}],"inLanguage":"es"},{"@type":"Organization","@id":"https:\/\/www.lsmart.co\/es\/#organization","name":"L&Smart","url":"https:\/\/www.lsmart.co\/es\/","logo":{"@type":"ImageObject","inLanguage":"es","@id":"https:\/\/www.lsmart.co\/es\/#\/schema\/logo\/image\/","url":"https:\/\/www.lsmart.co\/es\/app\/uploads\/2023\/10\/logo_lsmart.svg","contentUrl":"https:\/\/www.lsmart.co\/es\/app\/uploads\/2023\/10\/logo_lsmart.svg","caption":"L&Smart"},"image":{"@id":"https:\/\/www.lsmart.co\/es\/#\/schema\/logo\/image\/"},"sameAs":["https:\/\/www.linkedin.com\/company\/lsmart-es\/","https:\/\/www.youtube.com\/@lsmart-es"]}]}},"_links":{"self":[{"href":"https:\/\/www.lsmart.co\/es\/wp-json\/wp\/v2\/pages\/4813","targetHints":{"allow":["GET"]}}],"collection":[{"href":"https:\/\/www.lsmart.co\/es\/wp-json\/wp\/v2\/pages"}],"about":[{"href":"https:\/\/www.lsmart.co\/es\/wp-json\/wp\/v2\/types\/page"}],"author":[{"embeddable":true,"href":"https:\/\/www.lsmart.co\/es\/wp-json\/wp\/v2\/users\/1"}],"replies":[{"embeddable":true,"href":"https:\/\/www.lsmart.co\/es\/wp-json\/wp\/v2\/comments?post=4813"}],"version-history":[{"count":89,"href":"https:\/\/www.lsmart.co\/es\/wp-json\/wp\/v2\/pages\/4813\/revisions"}],"predecessor-version":[{"id":7652,"href":"https:\/\/www.lsmart.co\/es\/wp-json\/wp\/v2\/pages\/4813\/revisions\/7652"}],"wp:attachment":[{"href":"https:\/\/www.lsmart.co\/es\/wp-json\/wp\/v2\/media?parent=4813"}],"curies":[{"name":"wp","href":"https:\/\/api.w.org\/{rel}","templated":true}]}}